{"id":574,"date":"2020-03-26T10:44:27","date_gmt":"2020-03-26T10:44:27","guid":{"rendered":"https:\/\/www.cpt-testingcenter.it\/azienda\/"},"modified":"2020-07-31T08:51:24","modified_gmt":"2020-07-31T08:51:24","slug":"unternehmen","status":"publish","type":"page","link":"https:\/\/www.cpt-testingcenter.it\/de\/unternehmen\/","title":{"rendered":"Unternehmen"},"content":{"rendered":"<div class=\"wpb-content-wrapper\"><p>[vc_row][vc_column width=&#8220;1\/2&#8243;][vc_single_image image=&#8220;440&#8243; img_size=&#8220;full&#8220;][\/vc_column][vc_column width=&#8220;1\/2&#8243;][vc_column_text]<\/p>\n<h2><span style=\"color: #2a3847;\">KOMPETENZ, ZUVERL\u00c4SSIGKEIT, VERTRAULICHKEIT<\/span><\/h2>\n<p>[\/vc_column_text][vc_column_text]<\/p>\n<p class=\"p1\" style=\"line-height: 30px;\"><span style=\"color: #000000;\">Wir sind spezialisiert auf die Durchf\u00fchrung von <strong>Funktions<\/strong>&#8211; <strong>und Haltbarkeitspr\u00fcfungen<\/strong> f\u00fcr <strong>Baugruppen<\/strong> <strong>oder komplette Antriebsstr\u00e4nge<\/strong>. Mehr als <strong>30 Jahre<\/strong> Erfahrung in der Erfassung und Analyse von experimentellen Daten garantieren ein H\u00f6chstma\u00df an <strong>Kompetenz, Zuverl\u00e4ssigkeit und Vertraulichkeit.<\/strong><br \/>\nCPT arbeitet derzeit mit den gr\u00f6\u00dften internationalen Herstellern im Agrar- und Industriesektor zusammen und testet Antriebsachsen, Getriebe, Lastschalt-, CVT- und Verteilergetriebe. Die Mission von CPT besteht darin, Kunden innovative Pr\u00fcfl\u00f6sungen zu bieten, indem die<strong> optimale Konfiguration<\/strong> f\u00fcr die Durchf\u00fchrung der Pr\u00fcfungen entworfen und entwickelt wird, und zwar in <strong>\u00dcbereinstimmung mit den Produktspezifikationen<\/strong> und vereinbarten <strong>Pr\u00fcfzeiten<\/strong>.<br \/>\n<\/span><\/p>\n<p>[\/vc_column_text][\/vc_column][\/vc_row][vc_row css=&#8220;.vc_custom_1585565167966{margin-top: 0px !important;margin-bottom: 0px !important;padding-top: 0px !important;}&#8220;][vc_column][vc_empty_space height=&#8220;150px&#8220; el_class=&#8220;mobile-hide&#8220;][vc_empty_space height=&#8220;30px&#8220; el_class=&#8220;desktop-hide&#8220;][vc_column_text]<\/p>\n<p class=\"p1\" style=\"text-align: center; font-size: 38px; line-height: 44px;\"><span style=\"color: #000000;\">Jetzt weitere<br \/>\nInformationen anfordern<\/span><\/p>\n<p>[\/vc_column_text][vc_empty_space height=&#8220;60px&#8220; el_class=&#8220;mobile-hide&#8220;][vc_row_inner][vc_column_inner width=&#8220;1\/5&#8243;][\/vc_column_inner][vc_column_inner width=&#8220;3\/5&#8243;]\n<div class=\"wpcf7 no-js\" id=\"wpcf7-f571-o1\" lang=\"de-DE\" dir=\"ltr\" data-wpcf7-id=\"571\">\n<div class=\"screen-reader-response\"><p role=\"status\" aria-live=\"polite\" aria-atomic=\"true\"><\/p> <ul><\/ul><\/div>\n<form action=\"\/de\/wp-json\/wp\/v2\/pages\/574#wpcf7-f571-o1\" method=\"post\" class=\"wpcf7-form init\" aria-label=\"Kontaktformular\" enctype=\"multipart\/form-data\" novalidate=\"novalidate\" data-status=\"init\">\n<fieldset class=\"hidden-fields-container\"><input type=\"hidden\" name=\"_wpcf7\" value=\"571\" \/><input type=\"hidden\" name=\"_wpcf7_version\" value=\"6.1.5\" \/><input type=\"hidden\" name=\"_wpcf7_locale\" value=\"de_DE\" \/><input type=\"hidden\" name=\"_wpcf7_unit_tag\" value=\"wpcf7-f571-o1\" \/><input type=\"hidden\" name=\"_wpcf7_container_post\" value=\"0\" \/><input type=\"hidden\" name=\"_wpcf7_posted_data_hash\" value=\"\" \/><input type=\"hidden\" name=\"_wpcf7_recaptcha_response\" value=\"\" \/>\n<\/fieldset>\n<span class=\"wpcf7-form-control-wrap\" data-name=\"your-name\"><input size=\"40\" maxlength=\"400\" class=\"wpcf7-form-control wpcf7-text\" aria-invalid=\"false\" placeholder=\"Name\" value=\"\" type=\"text\" name=\"your-name\" \/><\/span>\n\n<span class=\"wpcf7-form-control-wrap\" data-name=\"your-mail\"><input size=\"40\" maxlength=\"400\" class=\"wpcf7-form-control wpcf7-text\" aria-invalid=\"false\" placeholder=\"Mail\" value=\"\" type=\"text\" name=\"your-mail\" \/><\/span>\n\n<span class=\"wpcf7-form-control-wrap\" data-name=\"your-tel\"><input size=\"40\" maxlength=\"400\" class=\"wpcf7-form-control wpcf7-text\" aria-invalid=\"false\" placeholder=\"Telefon\" value=\"\" type=\"text\" name=\"your-tel\" \/><\/span>\n\n<span class=\"wpcf7-form-control-wrap\" data-name=\"quotazione\"><textarea cols=\"40\" rows=\"10\" maxlength=\"2000\" class=\"wpcf7-form-control wpcf7-textarea\" aria-invalid=\"false\" placeholder=\"Schreiben Sie uns hier Ihre Anfrage\" name=\"quotazione\"><\/textarea><\/span>\n\nDatei anh\u00e4ngen (max 4MB): <span class=\"wpcf7-form-control-wrap\" data-name=\"file-131\"><input size=\"40\" class=\"wpcf7-form-control wpcf7-file wpcf7-validates-as-required\" accept=\".pdf,.txt,.jpg,.jpeg,.png,.doc,.docx\" aria-required=\"true\" aria-invalid=\"false\" type=\"file\" name=\"file-131\" \/><\/span>\n\n<span class=\"wpcf7-form-control-wrap\" data-name=\"acceptance-819\"><span class=\"wpcf7-form-control wpcf7-acceptance\"><span class=\"wpcf7-list-item\"><label><input type=\"checkbox\" name=\"acceptance-819\" value=\"1\" aria-invalid=\"false\" \/><span class=\"wpcf7-list-item-label\">Der Betroffene hat die nach diesem Artikel aufgestellte <a href=\"https:\/\/www.cpt-testingcenter.it\/wp-content\/uploads\/2020\/07\/Cpt_informativa-contatti_ENG.pdf\" target=\"_blank\">Datenschutzerkl\u00e4rung<\/a> gelesen. Art.13 der G.D.P.R. 679\/2016.<\/span><\/label><\/span><\/span><\/span>\n\n<input class=\"wpcf7-form-control wpcf7-submit has-spinner tc1\" type=\"submit\" value=\"SENDEN\" \/><div class=\"wpcf7-response-output\" aria-hidden=\"true\"><\/div>\n<\/form>\n<\/div>\n[\/vc_column_inner][vc_column_inner width=&#8220;1\/5&#8243;][\/vc_column_inner][\/vc_row_inner][\/vc_column][\/vc_row]<\/p>\n<\/div>","protected":false},"excerpt":{"rendered":"<p>[vc_row][vc_column width=&#8220;1\/2&#8243;][vc_single_image image=&#8220;440&#8243; img_size=&#8220;full&#8220;][\/vc_column][vc_column width=&#8220;1\/2&#8243;][vc_column_text] KOMPETENZ, ZUVERL\u00c4SSIGKEIT, VERTRAULICHKEIT [\/vc_column_text][vc_column_text] Wir sind spezialisiert auf die Durchf\u00fchrung von Funktions&#8211; und Haltbarkeitspr\u00fcfungen f\u00fcr&#8230;<\/p>\n","protected":false},"author":1,"featured_media":0,"parent":0,"menu_order":0,"comment_status":"closed","ping_status":"closed","template":"","meta":{"inline_featured_image":false,"footnotes":""},"class_list":["post-574","page","type-page","status-publish"],"yoast_head":"<!-- This site is optimized with the Yoast SEO plugin v27.5 - https:\/\/yoast.com\/product\/yoast-seo-wordpress\/ -->\n<title>Unternehmen - CPT | Your testing partner<\/title>\n<meta name=\"robots\" content=\"index, follow, max-snippet:-1, max-image-preview:large, max-video-preview:-1\" \/>\n<link rel=\"canonical\" href=\"https:\/\/www.cpt-testingcenter.it\/de\/unternehmen\/\" \/>\n<meta property=\"og:locale\" content=\"de_DE\" \/>\n<meta property=\"og:type\" content=\"article\" \/>\n<meta property=\"og:title\" content=\"Unternehmen - CPT | Your testing partner\" \/>\n<meta property=\"og:description\" content=\"[vc_row][vc_column width=&#8220;1\/2&#8243;][vc_single_image image=&#8220;440&#8243; img_size=&#8220;full&#8220;][\/vc_column][vc_column width=&#8220;1\/2&#8243;][vc_column_text] KOMPETENZ, ZUVERL\u00c4SSIGKEIT, VERTRAULICHKEIT [\/vc_column_text][vc_column_text] Wir sind spezialisiert auf die Durchf\u00fchrung von Funktions&#8211; und Haltbarkeitspr\u00fcfungen f\u00fcr...\" \/>\n<meta property=\"og:url\" content=\"https:\/\/www.cpt-testingcenter.it\/de\/unternehmen\/\" \/>\n<meta property=\"og:site_name\" content=\"CPT\" \/>\n<meta property=\"article:modified_time\" content=\"2020-07-31T08:51:24+00:00\" \/>\n<meta name=\"twitter:card\" content=\"summary_large_image\" \/>\n<meta name=\"twitter:label1\" content=\"Gesch\u00e4tzte Lesezeit\" \/>\n\t<meta name=\"twitter:data1\" content=\"1\u00a0Minute\" \/>\n<script type=\"application\/ld+json\" class=\"yoast-schema-graph\">{\"@context\":\"https:\\\/\\\/schema.org\",\"@graph\":[{\"@type\":\"WebPage\",\"@id\":\"https:\\\/\\\/www.cpt-testingcenter.it\\\/de\\\/unternehmen\\\/\",\"url\":\"https:\\\/\\\/www.cpt-testingcenter.it\\\/de\\\/unternehmen\\\/\",\"name\":\"Unternehmen - CPT | Your testing partner\",\"isPartOf\":{\"@id\":\"https:\\\/\\\/www.cpt-testingcenter.it\\\/#website\"},\"datePublished\":\"2020-03-26T10:44:27+00:00\",\"dateModified\":\"2020-07-31T08:51:24+00:00\",\"breadcrumb\":{\"@id\":\"https:\\\/\\\/www.cpt-testingcenter.it\\\/de\\\/unternehmen\\\/#breadcrumb\"},\"inLanguage\":\"de\",\"potentialAction\":[{\"@type\":\"ReadAction\",\"target\":[\"https:\\\/\\\/www.cpt-testingcenter.it\\\/de\\\/unternehmen\\\/\"]}]},{\"@type\":\"BreadcrumbList\",\"@id\":\"https:\\\/\\\/www.cpt-testingcenter.it\\\/de\\\/unternehmen\\\/#breadcrumb\",\"itemListElement\":[{\"@type\":\"ListItem\",\"position\":1,\"name\":\"Home\",\"item\":\"https:\\\/\\\/www.cpt-testingcenter.it\\\/de\\\/\"},{\"@type\":\"ListItem\",\"position\":2,\"name\":\"Unternehmen\"}]},{\"@type\":\"WebSite\",\"@id\":\"https:\\\/\\\/www.cpt-testingcenter.it\\\/#website\",\"url\":\"https:\\\/\\\/www.cpt-testingcenter.it\\\/\",\"name\":\"CPT\",\"description\":\"YOUR TESTING PARTNER\",\"potentialAction\":[{\"@type\":\"SearchAction\",\"target\":{\"@type\":\"EntryPoint\",\"urlTemplate\":\"https:\\\/\\\/www.cpt-testingcenter.it\\\/?s={search_term_string}\"},\"query-input\":{\"@type\":\"PropertyValueSpecification\",\"valueRequired\":true,\"valueName\":\"search_term_string\"}}],\"inLanguage\":\"de\"}]}<\/script>\n<!-- \/ Yoast SEO plugin. -->","yoast_head_json":{"title":"Unternehmen - CPT | Your testing partner","robots":{"index":"index","follow":"follow","max-snippet":"max-snippet:-1","max-image-preview":"max-image-preview:large","max-video-preview":"max-video-preview:-1"},"canonical":"https:\/\/www.cpt-testingcenter.it\/de\/unternehmen\/","og_locale":"de_DE","og_type":"article","og_title":"Unternehmen - CPT | Your testing partner","og_description":"[vc_row][vc_column width=&#8220;1\/2&#8243;][vc_single_image image=&#8220;440&#8243; img_size=&#8220;full&#8220;][\/vc_column][vc_column width=&#8220;1\/2&#8243;][vc_column_text] KOMPETENZ, ZUVERL\u00c4SSIGKEIT, VERTRAULICHKEIT [\/vc_column_text][vc_column_text] Wir sind spezialisiert auf die Durchf\u00fchrung von Funktions&#8211; und Haltbarkeitspr\u00fcfungen f\u00fcr...","og_url":"https:\/\/www.cpt-testingcenter.it\/de\/unternehmen\/","og_site_name":"CPT","article_modified_time":"2020-07-31T08:51:24+00:00","twitter_card":"summary_large_image","twitter_misc":{"Gesch\u00e4tzte Lesezeit":"1\u00a0Minute"},"schema":{"@context":"https:\/\/schema.org","@graph":[{"@type":"WebPage","@id":"https:\/\/www.cpt-testingcenter.it\/de\/unternehmen\/","url":"https:\/\/www.cpt-testingcenter.it\/de\/unternehmen\/","name":"Unternehmen - CPT | Your testing partner","isPartOf":{"@id":"https:\/\/www.cpt-testingcenter.it\/#website"},"datePublished":"2020-03-26T10:44:27+00:00","dateModified":"2020-07-31T08:51:24+00:00","breadcrumb":{"@id":"https:\/\/www.cpt-testingcenter.it\/de\/unternehmen\/#breadcrumb"},"inLanguage":"de","potentialAction":[{"@type":"ReadAction","target":["https:\/\/www.cpt-testingcenter.it\/de\/unternehmen\/"]}]},{"@type":"BreadcrumbList","@id":"https:\/\/www.cpt-testingcenter.it\/de\/unternehmen\/#breadcrumb","itemListElement":[{"@type":"ListItem","position":1,"name":"Home","item":"https:\/\/www.cpt-testingcenter.it\/de\/"},{"@type":"ListItem","position":2,"name":"Unternehmen"}]},{"@type":"WebSite","@id":"https:\/\/www.cpt-testingcenter.it\/#website","url":"https:\/\/www.cpt-testingcenter.it\/","name":"CPT","description":"YOUR TESTING PARTNER","potentialAction":[{"@type":"SearchAction","target":{"@type":"EntryPoint","urlTemplate":"https:\/\/www.cpt-testingcenter.it\/?s={search_term_string}"},"query-input":{"@type":"PropertyValueSpecification","valueRequired":true,"valueName":"search_term_string"}}],"inLanguage":"de"}]}},"jetpack_sharing_enabled":true,"_links":{"self":[{"href":"https:\/\/www.cpt-testingcenter.it\/de\/wp-json\/wp\/v2\/pages\/574","targetHints":{"allow":["GET"]}}],"collection":[{"href":"https:\/\/www.cpt-testingcenter.it\/de\/wp-json\/wp\/v2\/pages"}],"about":[{"href":"https:\/\/www.cpt-testingcenter.it\/de\/wp-json\/wp\/v2\/types\/page"}],"author":[{"embeddable":true,"href":"https:\/\/www.cpt-testingcenter.it\/de\/wp-json\/wp\/v2\/users\/1"}],"replies":[{"embeddable":true,"href":"https:\/\/www.cpt-testingcenter.it\/de\/wp-json\/wp\/v2\/comments?post=574"}],"version-history":[{"count":1,"href":"https:\/\/www.cpt-testingcenter.it\/de\/wp-json\/wp\/v2\/pages\/574\/revisions"}],"predecessor-version":[{"id":576,"href":"https:\/\/www.cpt-testingcenter.it\/de\/wp-json\/wp\/v2\/pages\/574\/revisions\/576"}],"wp:attachment":[{"href":"https:\/\/www.cpt-testingcenter.it\/de\/wp-json\/wp\/v2\/media?parent=574"}],"curies":[{"name":"wp","href":"https:\/\/api.w.org\/{rel}","templated":true}]}}